{"id":98,"date":"2024-04-17T10:23:13","date_gmt":"2024-04-17T10:23:13","guid":{"rendered":"https:\/\/uneoptiondeplus.org\/de\/?page_id=98"},"modified":"2024-04-17T10:23:32","modified_gmt":"2024-04-17T10:23:32","slug":"haftungsausschluss","status":"publish","type":"page","link":"https:\/\/uneoptiondeplus.org\/de\/haftungsausschluss\/","title":{"rendered":"HAFTUNGSAUSSCHLUSS"},"content":{"rendered":"<p style=\"text-align: justify;\">Alle Informationen auf dieser Website \u2013 <a href=\"https:\/\/uneoptiondeplus.org\/de\">https:\/\/uneoptiondeplus.org\/de<\/a> \u2013 werden nach Treu und Glauben und nur zu allgemeinen Informationszwecken ver\u00f6ffentlicht. https:\/\/uneoptiondeplus.org\/de \u00fcbernimmt keine Gew\u00e4hr f\u00fcr die Vollst\u00e4ndigkeit, Zuverl\u00e4ssigkeit und Richtigkeit dieser Informationen. Jede Handlung, die Sie aufgrund der Informationen, die Sie auf dieser Website (https:\/\/uneoptiondeplus.org\/de) finden, vornehmen, geschieht auf Ihr eigenes Risiko. https:\/\/uneoptiondeplus.org\/de haftet nicht f\u00fcr Verluste und\/oder Sch\u00e4den im Zusammenhang mit der Nutzung unserer Website.<\/p>\n<p style=\"text-align: justify;\">Von unserer Website aus k\u00f6nnen Sie andere Websites besuchen, indem Sie Hyperlinks zu solchen externen Websites verwenden. Obwohl wir uns bem\u00fchen, nur qualitativ hochwertige Links zu n\u00fctzlichen und ethischen Websites bereitzustellen, haben wir keine Kontrolle \u00fcber den Inhalt und die Art dieser Websites. Diese Links zu anderen Websites stellen keine Empfehlung f\u00fcr alle Inhalte dieser Websites dar. Website-Inhaber und -Inhalte k\u00f6nnen sich ohne Vorank\u00fcndigung \u00e4ndern und k\u00f6nnen auftreten, bevor wir die M\u00f6glichkeit haben, einen Link zu entfernen, der m\u00f6glicherweise \u201eschlecht\u201c<\/p>\n<p style=\"text-align: justify;\">Bitte beachten Sie auch, dass, wenn Sie unsere Website verlassen, andere Websites m\u00f6glicherweise andere Datenschutzrichtlinien und Bedingungen haben, die au\u00dferhalb unserer Kontrolle liegen. Bitte lesen Sie die Datenschutzrichtlinien dieser Websites sowie deren \u201eNutzungsbedingungen\u201c, bevor Sie Gesch\u00e4fte t\u00e4tigen oder Informationen hochladen.<\/p>\n<div id=\"ez-toc-container\" class=\"ez-toc-v2_0_67_1 counter-hierarchy ez-toc-counter ez-toc-grey ez-toc-container-direction\">\n<div class=\"ez-toc-title-container\">\n<p class=\"ez-toc-title \" >Inhaltsverzeichnis<\/p>\n<span class=\"ez-toc-title-toggle\"><a href=\"#\" class=\"ez-toc-pull-right ez-toc-btn ez-toc-btn-xs ez-toc-btn-default ez-toc-toggle\" aria-label=\"Toggle Table of Content\"><span class=\"ez-toc-js-icon-con\"><span class=\"\"><span class=\"eztoc-hide\" style=\"display:none;\">Toggle<\/span><span class=\"ez-toc-icon-toggle-span\"><svg style=\"fill: #999;color:#999\" xmlns=\"http:\/\/www.w3.org\/2000\/svg\" class=\"list-377408\" width=\"20px\" height=\"20px\" viewBox=\"0 0 24 24\" fill=\"none\"><path d=\"M6 6H4v2h2V6zm14 0H8v2h12V6zM4 11h2v2H4v-2zm16 0H8v2h12v-2zM4 16h2v2H4v-2zm16 0H8v2h12v-2z\" fill=\"currentColor\"><\/path><\/svg><svg style=\"fill: #999;color:#999\" class=\"arrow-unsorted-368013\" xmlns=\"http:\/\/www.w3.org\/2000\/svg\" width=\"10px\" height=\"10px\" viewBox=\"0 0 24 24\" version=\"1.2\" baseProfile=\"tiny\"><path d=\"M18.2 9.3l-6.2-6.3-6.2 6.3c-.2.2-.3.4-.3.7s.1.5.3.7c.2.2.4.3.7.3h11c.3 0 .5-.1.7-.3.2-.2.3-.5.3-.7s-.1-.5-.3-.7zM5.8 14.7l6.2 6.3 6.2-6.3c.2-.2.3-.5.3-.7s-.1-.5-.3-.7c-.2-.2-.4-.3-.7-.3h-11c-.3 0-.5.1-.7.3-.2.2-.3.5-.3.7s.1.5.3.7z\"\/><\/svg><\/span><\/span><\/span><\/a><\/span><\/div>\n<nav><ul class='ez-toc-list ez-toc-list-level-1 ' ><li class='ez-toc-page-1 ez-toc-heading-level-2'><a class=\"ez-toc-link ez-toc-heading-1\" href=\"https:\/\/uneoptiondeplus.org\/de\/haftungsausschluss\/#Zustimmung\" title=\"Zustimmung\">Zustimmung<\/a><\/li><li class='ez-toc-page-1 ez-toc-heading-level-2'><a class=\"ez-toc-link ez-toc-heading-2\" href=\"https:\/\/uneoptiondeplus.org\/de\/haftungsausschluss\/#Aktualisierung\" title=\"Aktualisierung\">Aktualisierung<\/a><\/li><\/ul><\/nav><\/div>\n<h2 style=\"text-align: justify;\"><span class=\"ez-toc-section\" id=\"Zustimmung\"><\/span>Zustimmung<span class=\"ez-toc-section-end\"><\/span><\/h2>\n<p style=\"text-align: justify;\">Durch die Nutzung unserer Website erkl\u00e4ren Sie sich mit unserem Haftungsausschluss und dessen Bedingungen einverstanden.<\/p>\n<h2 style=\"text-align: justify;\"><span class=\"ez-toc-section\" id=\"Aktualisierung\"><\/span>Aktualisierung<span class=\"ez-toc-section-end\"><\/span><\/h2>\n<p style=\"text-align: justify;\">Sollten wir dieses Dokument aktualisieren, erg\u00e4nzen oder \u00e4ndern, werden diese \u00c4nderungen deutlich sichtbar hier ver\u00f6ffentlicht.<\/p>\n","protected":false},"excerpt":{"rendered":"<p>Alle Informationen auf dieser Website \u2013 https:\/\/uneoptiondeplus.org\/de \u2013 werden nach Treu und Glauben und nur zu allgemeinen Informationszwecken ver\u00f6ffentlicht. https:\/\/uneoptiondeplus.org\/de \u00fcbernimmt keine Gew\u00e4hr f\u00fcr die Vollst\u00e4ndigkeit, Zuverl\u00e4ssigkeit und Richtigkeit dieser Informationen. Jede Handlung, die Sie aufgrund der Informationen, die Sie auf dieser Website (https:\/\/uneoptiondeplus.org\/de) finden, vornehmen, geschieht auf Ihr eigenes Risiko. https:\/\/uneoptiondeplus.org\/de haftet nicht f\u00fcr [&hellip;]<\/p>\n","protected":false},"author":1,"featured_media":0,"parent":0,"menu_order":0,"comment_status":"closed","ping_status":"closed","template":"","meta":{"footnotes":""},"class_list":["post-98","page","type-page","status-publish","hentry"],"_links":{"self":[{"href":"https:\/\/uneoptiondeplus.org\/de\/wp-json\/wp\/v2\/pages\/98"}],"collection":[{"href":"https:\/\/uneoptiondeplus.org\/de\/wp-json\/wp\/v2\/pages"}],"about":[{"href":"https:\/\/uneoptiondeplus.org\/de\/wp-json\/wp\/v2\/types\/page"}],"author":[{"embeddable":true,"href":"https:\/\/uneoptiondeplus.org\/de\/wp-json\/wp\/v2\/users\/1"}],"replies":[{"embeddable":true,"href":"https:\/\/uneoptiondeplus.org\/de\/wp-json\/wp\/v2\/comments?post=98"}],"version-history":[{"count":3,"href":"https:\/\/uneoptiondeplus.org\/de\/wp-json\/wp\/v2\/pages\/98\/revisions"}],"predecessor-version":[{"id":101,"href":"https:\/\/uneoptiondeplus.org\/de\/wp-json\/wp\/v2\/pages\/98\/revisions\/101"}],"wp:attachment":[{"href":"https:\/\/uneoptiondeplus.org\/de\/wp-json\/wp\/v2\/media?parent=98"}],"curies":[{"name":"wp","href":"https:\/\/api.w.org\/{rel}","templated":true}]}}