{"id":95,"date":"2024-04-17T10:17:57","date_gmt":"2024-04-17T10:17:57","guid":{"rendered":"https:\/\/uneoptiondeplus.org\/de\/?page_id=95"},"modified":"2024-04-17T10:17:57","modified_gmt":"2024-04-17T10:17:57","slug":"kontaktieren-sie-uns","status":"publish","type":"page","link":"https:\/\/uneoptiondeplus.org\/de\/kontaktieren-sie-uns\/","title":{"rendered":"KONTAKTIEREN SIE UNS"},"content":{"rendered":"<p><span id=\"[0,8]\" class=\"word\">Brauchen<\/span> <span id=\"[9,12]\" class=\"word\">Sie<\/span> <span id=\"[13,18]\" class=\"word\">Hilfe<\/span>? <span id=\"[20,26]\" class=\"word\">F\u00fchlen<\/span> <span id=\"[27,30]\" class=\"word\">Sie<\/span> <span id=\"[31,35]\" class=\"word\">sich<\/span> <span id=\"[36,40]\" class=\"word\">frei<\/span>, <span id=\"[42,45]\" class=\"word\">mit<\/span> <span id=\"[46,49]\" class=\"word\">uns<\/span> <span id=\"[50,53]\" class=\"word\">per<\/span> <span id=\"[54,60]\" class=\"word\">E-Mail<\/span> <span id=\"[61,65]\" class=\"word\">oder<\/span> <span id=\"[66,81]\" class=\"word\">Anfrageformular<\/span> <span id=\"[82,84]\" class=\"word\">in<\/span> <span id=\"[85,92]\" class=\"word\">Kontakt<\/span> <span id=\"[93,95]\" class=\"word\">zu<\/span> <span id=\"[96,102]\" class=\"word\">treten<\/span>.<\/p>\n<p><span id=\"[105,108]\" class=\"word\">Sie<\/span> <span id=\"[109,118]\" class=\"word\">erreichen<\/span> <span id=\"[119,122]\" class=\"word\">uns<\/span> <span id=\"[123,128]\" class=\"word\">unter<\/span> <a href=\"http:\/\/info@uneoptiondeplus. org\" target=\"_blank\"><span id=\"[129,149]\" class=\"word\">info@uneoptiondeplus<\/span>. <span id=\"[150,153]\" class=\"word\">org<\/span> <\/a><span id=\"[154,155]\" class=\"word\">.<\/span> <span id=\"[155,158]\" class=\"word\">Wir<\/span> <span id=\"[159,170]\" class=\"word\">beantworten<\/span> <span id=\"[171,175]\" class=\"word\">Ihre<\/span> <span id=\"[176,182]\" class=\"word\">Fragen<\/span> <span id=\"[183,199]\" class=\"word\">schnellstm\u00f6glich<\/span> <span id=\"[200,203]\" class=\"word\">und<\/span> <span id=\"[204,209]\" class=\"word\">l\u00f6sen<\/span> <span id=\"[210,214]\" class=\"word\">Ihre<\/span> <span id=\"[215,223]\" class=\"word\">Probleme<\/span>. <span id=\"[225,228]\" class=\"word\">Wir<\/span> <span id=\"[229,237]\" class=\"word\">sch\u00e4tzen<\/span> <span id=\"[238,242]\" class=\"word\">auch<\/span> <span id=\"[243,247]\" class=\"word\">Ihre<\/span> <span id=\"[248,258]\" class=\"word\">Anregungen<\/span>.<\/p>\n<p><span id=\"[261,278]\" class=\"word\">Rationalinsurgent<\/span> <span id=\"[279,285]\" class=\"word\">widmet<\/span> <span id=\"[286,290]\" class=\"word\">sich<\/span> <span id=\"[291,296]\" class=\"word\">Ihnen<\/span> <span id=\"[297,300]\" class=\"word\">mit<\/span> <span id=\"[301,304]\" class=\"word\">der<\/span> <span id=\"[305,311]\" class=\"word\">besten<\/span> <span id=\"[312,325]\" class=\"word\">Unterst\u00fctzung<\/span> <span id=\"[326,329]\" class=\"word\">und<\/span> <span id=\"[330,342]\" class=\"word\">hochrangiger<\/span> <span id=\"[343,351]\" class=\"word\">Beratung<\/span>.<\/p>\n<div id=\"wpcf7-f6-p29-o2\" class=\"wpcf7\" dir=\"ltr\" lang=\"en-US\" role=\"form\">\n<div class=\"screen-reader-response\">\n<p role=\"status\" aria-live=\"polite\" aria-atomic=\"true\">\n<p role=\"status\" aria-live=\"polite\" aria-atomic=\"true\"><span id=\"[357,360]\" class=\"word\">Ihr<\/span> <span id=\"[361,365]\" class=\"word\">Name<\/span>.<\/p>\n<\/div>\n<form class=\"wpcf7-form init\" action=\"https:\/\/web.archive.org\/web\/20230325194303\/https:\/\/rationalinsurgent.com\/contact-us\/#wpcf7-f6-p29-o2\" method=\"post\" novalidate=\"novalidate\" data-status=\"init\"><label><span class=\"wpcf7-form-control-wrap your-name\"><input class=\"wpcf7-form-control wpcf7-text wpcf7-validates-as-required\" name=\"your-name\" size=\"40\" type=\"text\" value=\"\" aria-required=\"true\" aria-invalid=\"false\" \/><\/span><\/label><\/p>\n<p><label><span id=\"[369,373]\" class=\"word\">Ihre<\/span> <span id=\"[374,380]\" class=\"word\">E-Mail<\/span><br \/>\n<span class=\"wpcf7-form-control-wrap your-email\"><input class=\"wpcf7-form-control wpcf7-text wpcf7-email wpcf7-validates-as-required wpcf7-validates-as-email\" name=\"your-email\" size=\"40\" type=\"email\" value=\"\" aria-required=\"true\" aria-invalid=\"false\" \/><\/span><\/label><\/p>\n<p><label><span id=\"[383,391]\" class=\"word\">Betrifft<\/span>:<br \/>\n<span class=\"wpcf7-form-control-wrap your-subject\"><input class=\"wpcf7-form-control wpcf7-text wpcf7-validates-as-required\" name=\"your-subject\" size=\"40\" type=\"text\" value=\"\" aria-required=\"true\" aria-invalid=\"false\" \/><\/span><\/label><\/p>\n<p><label><span id=\"[395,399]\" class=\"word\">Ihre<\/span> <span id=\"[400,409]\" class=\"word\">Nachricht<\/span> (<span id=\"[411,419]\" class=\"word\">optional<\/span>)<br \/>\n<span class=\"wpcf7-form-control-wrap your-message\"><textarea class=\"wpcf7-form-control wpcf7-textarea\" cols=\"40\" name=\"your-message\" rows=\"10\" aria-invalid=\"false\"><\/textarea><\/span><\/label><\/p>\n<p>Absenden<\/p>\n<\/form>\n<\/div>\n","protected":false},"excerpt":{"rendered":"<p>Brauchen Sie Hilfe? F\u00fchlen Sie sich frei, mit uns per E-Mail oder Anfrageformular in Kontakt zu treten. Sie erreichen uns unter info@uneoptiondeplus. org . Wir beantworten Ihre Fragen schnellstm\u00f6glich und l\u00f6sen Ihre Probleme. Wir sch\u00e4tzen auch Ihre Anregungen. Rationalinsurgent widmet sich Ihnen mit der besten Unterst\u00fctzung und hochrangiger Beratung. Ihr Name. Ihre E-Mail Betrifft: Ihre [&hellip;]<\/p>\n","protected":false},"author":1,"featured_media":0,"parent":0,"menu_order":0,"comment_status":"closed","ping_status":"closed","template":"","meta":{"footnotes":""},"class_list":["post-95","page","type-page","status-publish","hentry"],"_links":{"self":[{"href":"https:\/\/uneoptiondeplus.org\/de\/wp-json\/wp\/v2\/pages\/95"}],"collection":[{"href":"https:\/\/uneoptiondeplus.org\/de\/wp-json\/wp\/v2\/pages"}],"about":[{"href":"https:\/\/uneoptiondeplus.org\/de\/wp-json\/wp\/v2\/types\/page"}],"author":[{"embeddable":true,"href":"https:\/\/uneoptiondeplus.org\/de\/wp-json\/wp\/v2\/users\/1"}],"replies":[{"embeddable":true,"href":"https:\/\/uneoptiondeplus.org\/de\/wp-json\/wp\/v2\/comments?post=95"}],"version-history":[{"count":2,"href":"https:\/\/uneoptiondeplus.org\/de\/wp-json\/wp\/v2\/pages\/95\/revisions"}],"predecessor-version":[{"id":97,"href":"https:\/\/uneoptiondeplus.org\/de\/wp-json\/wp\/v2\/pages\/95\/revisions\/97"}],"wp:attachment":[{"href":"https:\/\/uneoptiondeplus.org\/de\/wp-json\/wp\/v2\/media?parent=95"}],"curies":[{"name":"wp","href":"https:\/\/api.w.org\/{rel}","templated":true}]}}