{"id":91,"date":"2024-04-17T10:08:44","date_gmt":"2024-04-17T10:08:44","guid":{"rendered":"https:\/\/uneoptiondeplus.org\/de\/?page_id=91"},"modified":"2024-04-17T10:08:44","modified_gmt":"2024-04-17T10:08:44","slug":"ueber-uns","status":"publish","type":"page","link":"https:\/\/uneoptiondeplus.org\/de\/ueber-uns\/","title":{"rendered":"\u00dcBER UNS"},"content":{"rendered":"<p><strong>Uneoptiondeplus<\/strong> ist eine Online-Plattform, die unseren gesch\u00e4tzten Lesern auf der ganzen Welt aktuelle Nachrichten zu verschiedenen Themen liefert.<br \/>\nDar\u00fcber hinaus ist es eine Online-Plattform zur Aufkl\u00e4rung, Information und Vernetzung von Menschen auf der ganzen Welt, indem sie ihnen die neuesten Nachrichten zur Verf\u00fcgung stellt.<br \/>\nWir konzentrieren uns auf die aktuellen Nachrichten und pr\u00e4sentieren unseren Lesern aktuelle Nachrichten. Wir decken Nachrichteninhalte aus verschiedenen Nischen ab und hoffen, dass unsere Leser sie n\u00fctzlich finden.<br \/>\nVor kurzem haben wir es geschafft, Millionen von Menschen zu erreichen, die daran interessiert sind, aktuelle Nachrichten zu Technologie, Spielen und mehr zu erhalten.<br \/>\nWas tun Wir?<br \/>\nWir wollen unseren gesch\u00e4tzten Lesern ehrliche, unvoreingenommene und trendige Nachrichten liefern. Unser Team sorgt daf\u00fcr, dass die Leser \u00fcber alle wichtigen Fakten auf dem Laufenden sind.<\/p>\n<div id=\"ez-toc-container\" class=\"ez-toc-v2_0_67_1 counter-hierarchy ez-toc-counter ez-toc-grey ez-toc-container-direction\">\n<div class=\"ez-toc-title-container\">\n<p class=\"ez-toc-title \" >Inhaltsverzeichnis<\/p>\n<span class=\"ez-toc-title-toggle\"><a href=\"#\" class=\"ez-toc-pull-right ez-toc-btn ez-toc-btn-xs ez-toc-btn-default ez-toc-toggle\" aria-label=\"Toggle Table of Content\"><span class=\"ez-toc-js-icon-con\"><span class=\"\"><span class=\"eztoc-hide\" style=\"display:none;\">Toggle<\/span><span class=\"ez-toc-icon-toggle-span\"><svg style=\"fill: #999;color:#999\" xmlns=\"http:\/\/www.w3.org\/2000\/svg\" class=\"list-377408\" width=\"20px\" height=\"20px\" viewBox=\"0 0 24 24\" fill=\"none\"><path d=\"M6 6H4v2h2V6zm14 0H8v2h12V6zM4 11h2v2H4v-2zm16 0H8v2h12v-2zM4 16h2v2H4v-2zm16 0H8v2h12v-2z\" fill=\"currentColor\"><\/path><\/svg><svg style=\"fill: #999;color:#999\" class=\"arrow-unsorted-368013\" xmlns=\"http:\/\/www.w3.org\/2000\/svg\" width=\"10px\" height=\"10px\" viewBox=\"0 0 24 24\" version=\"1.2\" baseProfile=\"tiny\"><path d=\"M18.2 9.3l-6.2-6.3-6.2 6.3c-.2.2-.3.4-.3.7s.1.5.3.7c.2.2.4.3.7.3h11c.3 0 .5-.1.7-.3.2-.2.3-.5.3-.7s-.1-.5-.3-.7zM5.8 14.7l6.2 6.3 6.2-6.3c.2-.2.3-.5.3-.7s-.1-.5-.3-.7c-.2-.2-.4-.3-.7-.3h-11c-.3 0-.5.1-.7.3-.2.2-.3.5-.3.7s.1.5.3.7z\"\/><\/svg><\/span><\/span><\/span><\/a><\/span><\/div>\n<nav><ul class='ez-toc-list ez-toc-list-level-1 ' ><li class='ez-toc-page-1 ez-toc-heading-level-2'><a class=\"ez-toc-link ez-toc-heading-1\" href=\"https:\/\/uneoptiondeplus.org\/de\/ueber-uns\/#Was_verstehen_Wir\" title=\"Was verstehen Wir?\">Was verstehen Wir?<\/a><\/li><li class='ez-toc-page-1 ez-toc-heading-level-2'><a class=\"ez-toc-link ez-toc-heading-2\" href=\"https:\/\/uneoptiondeplus.org\/de\/ueber-uns\/#Warum_Uns_Waehlen\" title=\"Warum Uns W\u00e4hlen?\">Warum Uns W\u00e4hlen?<\/a><\/li><\/ul><\/nav><\/div>\n<h2><span class=\"ez-toc-section\" id=\"Was_verstehen_Wir\"><\/span>Was verstehen Wir?<span class=\"ez-toc-section-end\"><\/span><\/h2>\n<p>Die Website enth\u00e4lt aktualisierte Nachrichten basierend auf aktuellen Ereignissen, der Einf\u00fchrung neuer Spiele, Technologien, etc.<br \/>\n\u2022 Unsere Mission<br \/>\nUnsere Mission ist es, eine offene Plattform zu konzipieren und zu entwickeln, auf der jeder Zugang zu umfassenden Nachrichtenartikeln auf der Grundlage aktueller Fakten hat.<br \/>\n\u2022 Unsere Vision<br \/>\nUnsere Vision ist es, unsere gesch\u00e4tzten Leser mit t\u00e4glichen Nachrichten und Ereignissen auf der ganzen Welt auf dem Laufenden zu halten. Unser Team wird sich auf das Sammeln von Nachrichten konzentrieren, die Geschichten aus verschiedenen Bereichen wie Spiele, aktuelle Angelegenheiten und mehr abdecken.<br \/>\n\u2022 Unser Ziel<br \/>\nUnser Ziel ist es, den Lesern die richtigen und unvoreingenommenen Nachrichten zur Verf\u00fcgung zu stellen, damit Menschen weltweit mit aktuellen Nachrichten auf dem Laufenden bleiben k\u00f6nnen.<br \/>\nKennen Sie uns<br \/>\nWir besch\u00e4ftigen die gr\u00f6\u00dfte Gruppe unabh\u00e4ngiger Autoren f\u00fcr Blog-Posts, Gastbeitr\u00e4ge und Nachrichtenartikel aus den verschiedensten Bereichen.<\/p>\n<h2><span class=\"ez-toc-section\" id=\"Warum_Uns_Waehlen\"><\/span>Warum Uns W\u00e4hlen?<span class=\"ez-toc-section-end\"><\/span><\/h2>\n<p>Die Website stellt wichtige Ressourcen und Rezensionen von Branchenexperten zusammen. Die Nachrichten decken verschiedene Bereiche ab. Die Leser finden unsere Website ein One-Stop-Anlaufstelle, um aktuelle Nachrichten zu erhalten.<br \/>\n\u2022 Benutzerorientiert \u2013 Die auf der Website verf\u00fcgbaren Nachrichten, Daten, Ressourcen und Rezensionen basieren auf einem Motto: Einfachheit und leicht zu navigierendes Design. Alle Nachrichten werden unter Ber\u00fccksichtigung der Anforderung der Leser erstellt. Die Website stellt benutzerfreundliche Ressourcen zusammen, in denen Besucher finden, was sie brauchen.<br \/>\n\u2022 Regelm\u00e4\u00dfig aktualisiert \u2013 Wir halten unsere Website mit aktuellen News-Themen auf dem Laufenden. Die alleinige Verantwortung der Website besteht darin, aktualisierte Nachrichten, Daten und Ressourcen zu ver\u00f6ffentlichen, damit die Leser die Informationen \u00fcber die Nachrichten erhalten, sobald ein neues Spiel oder eine neue Technologie ver\u00f6ffentlicht wird. Daher wird die Website regelm\u00e4\u00dfig aktualisiert, um den Lesern zu helfen, sich \u00fcber die neuen Spiele und Technologien auf dem Markt zu informieren.<br \/>\n\u2022 Suchleiste \u2013 Die dedizierte Suchleiste der Website erm\u00f6glicht es den Nutzern, alles effizient und schnell zu finden. Sie m\u00fcssen eingeben, was Sie brauchen und erhalten alle relevanten Ergebnisse mit einem Klick auf eine Schaltfl\u00e4che.<br \/>\nSenden Sie Ihr Feedback<br \/>\n<a href=\"https:\/\/uneoptiondeplus.org\/de\">https:\/\/uneoptiondeplus.org\/de<\/a> ist die nicht-monetarisierte digitale Ressource, um Einzelpersonen weltweit einen einfachen Zugang zu Nachrichten zu erm\u00f6glichen.<br \/>\nWir stellen sicher, dass Sie auf der Website wertvolle Ressourcen zu aktuellen Themen finden.<br \/>\nF\u00fchlen Sie sich frei, uns f\u00fcr jede Unterst\u00fctzung oder Abfrage im Zusammenhang mit Cryptocurrency und Blockchain-Technologie unter <a href=\"https:\/\/uneoptiondeplus.org\/de\">info.uneoptiondeplus@gmail.com<\/a> zu erreichen. Wir helfen Ihnen gerne weiter. Dar\u00fcber hinaus k\u00f6nnen Sie uns auch Feedback oder Vorschl\u00e4ge f\u00fcr weitere Verbesserungen, Verbesserungen und Modifikationen zukommen lassen.<\/p>\n","protected":false},"excerpt":{"rendered":"<p>Uneoptiondeplus ist eine Online-Plattform, die unseren gesch\u00e4tzten Lesern auf der ganzen Welt aktuelle Nachrichten zu verschiedenen Themen liefert. Dar\u00fcber hinaus ist es eine Online-Plattform zur Aufkl\u00e4rung, Information und Vernetzung von Menschen auf der ganzen Welt, indem sie ihnen die neuesten Nachrichten zur Verf\u00fcgung stellt. Wir konzentrieren uns auf die aktuellen Nachrichten und pr\u00e4sentieren unseren Lesern [&hellip;]<\/p>\n","protected":false},"author":1,"featured_media":0,"parent":0,"menu_order":0,"comment_status":"closed","ping_status":"closed","template":"","meta":{"footnotes":""},"class_list":["post-91","page","type-page","status-publish","hentry"],"_links":{"self":[{"href":"https:\/\/uneoptiondeplus.org\/de\/wp-json\/wp\/v2\/pages\/91"}],"collection":[{"href":"https:\/\/uneoptiondeplus.org\/de\/wp-json\/wp\/v2\/pages"}],"about":[{"href":"https:\/\/uneoptiondeplus.org\/de\/wp-json\/wp\/v2\/types\/page"}],"author":[{"embeddable":true,"href":"https:\/\/uneoptiondeplus.org\/de\/wp-json\/wp\/v2\/users\/1"}],"replies":[{"embeddable":true,"href":"https:\/\/uneoptiondeplus.org\/de\/wp-json\/wp\/v2\/comments?post=91"}],"version-history":[{"count":2,"href":"https:\/\/uneoptiondeplus.org\/de\/wp-json\/wp\/v2\/pages\/91\/revisions"}],"predecessor-version":[{"id":93,"href":"https:\/\/uneoptiondeplus.org\/de\/wp-json\/wp\/v2\/pages\/91\/revisions\/93"}],"wp:attachment":[{"href":"https:\/\/uneoptiondeplus.org\/de\/wp-json\/wp\/v2\/media?parent=91"}],"curies":[{"name":"wp","href":"https:\/\/api.w.org\/{rel}","templated":true}]}}