{"id":107,"date":"2024-04-17T10:53:03","date_gmt":"2024-04-17T10:53:03","guid":{"rendered":"https:\/\/uneoptiondeplus.org\/de\/?page_id=107"},"modified":"2024-04-17T10:53:03","modified_gmt":"2024-04-17T10:53:03","slug":"schreiben-sie-fuer-uns-allgemeiner-gastbeitrag-uneoptiondeplus","status":"publish","type":"page","link":"https:\/\/uneoptiondeplus.org\/de\/schreiben-sie-fuer-uns-allgemeiner-gastbeitrag-uneoptiondeplus\/","title":{"rendered":"SCHREIBEN SIE F\u00dcR UNS ALLGEMEINER GASTBEITRAG | UNEOPTIONDEPLUS"},"content":{"rendered":"<p style=\"text-align: justify;\">Warten Sie auf die Gelegenheit, f\u00fcr uns zu schreiben General Guest Post? Dann informieren Sie sich sorgf\u00e4ltig \u00fcber uns und die unten genannten detaillierten Anweisungen.<br \/>\nEinleitung<br \/>\nUneoptiondeplus bietet die M\u00f6glichkeit, einen Gastbeitrag auf unserer Website einzureichen. Wenn Sie ein leidenschaftlicher Verfasser sind, k\u00f6nnen Sie f\u00fcr uns schreiben Allgemeiner Gastbeitrag, einschlie\u00dflich Website- und Produktbewertungen, Nachrichten, Gesundheit, Kryptow\u00e4hrung, Business-Tipps und andere Nischen.<\/p>\n<div id=\"ez-toc-container\" class=\"ez-toc-v2_0_67_1 counter-hierarchy ez-toc-counter ez-toc-grey ez-toc-container-direction\">\n<div class=\"ez-toc-title-container\">\n<p class=\"ez-toc-title \" >Inhaltsverzeichnis<\/p>\n<span class=\"ez-toc-title-toggle\"><a href=\"#\" class=\"ez-toc-pull-right ez-toc-btn ez-toc-btn-xs ez-toc-btn-default ez-toc-toggle\" aria-label=\"Toggle Table of Content\"><span class=\"ez-toc-js-icon-con\"><span class=\"\"><span class=\"eztoc-hide\" style=\"display:none;\">Toggle<\/span><span class=\"ez-toc-icon-toggle-span\"><svg style=\"fill: #999;color:#999\" xmlns=\"http:\/\/www.w3.org\/2000\/svg\" class=\"list-377408\" width=\"20px\" height=\"20px\" viewBox=\"0 0 24 24\" fill=\"none\"><path d=\"M6 6H4v2h2V6zm14 0H8v2h12V6zM4 11h2v2H4v-2zm16 0H8v2h12v-2zM4 16h2v2H4v-2zm16 0H8v2h12v-2z\" fill=\"currentColor\"><\/path><\/svg><svg style=\"fill: #999;color:#999\" class=\"arrow-unsorted-368013\" xmlns=\"http:\/\/www.w3.org\/2000\/svg\" width=\"10px\" height=\"10px\" viewBox=\"0 0 24 24\" version=\"1.2\" baseProfile=\"tiny\"><path d=\"M18.2 9.3l-6.2-6.3-6.2 6.3c-.2.2-.3.4-.3.7s.1.5.3.7c.2.2.4.3.7.3h11c.3 0 .5-.1.7-.3.2-.2.3-.5.3-.7s-.1-.5-.3-.7zM5.8 14.7l6.2 6.3 6.2-6.3c.2-.2.3-.5.3-.7s-.1-.5-.3-.7c-.2-.2-.4-.3-.7-.3h-11c-.3 0-.5.1-.7.3-.2.2-.3.5-.3.7s.1.5.3.7z\"\/><\/svg><\/span><\/span><\/span><\/a><\/span><\/div>\n<nav><ul class='ez-toc-list ez-toc-list-level-1 ' ><li class='ez-toc-page-1 ez-toc-heading-level-2'><a class=\"ez-toc-link ez-toc-heading-1\" href=\"https:\/\/uneoptiondeplus.org\/de\/schreiben-sie-fuer-uns-allgemeiner-gastbeitrag-uneoptiondeplus\/#Wonach_suchen_wir\" title=\"Wonach suchen wir?\">Wonach suchen wir?<\/a><\/li><li class='ez-toc-page-1 ez-toc-heading-level-2'><a class=\"ez-toc-link ez-toc-heading-2\" href=\"https:\/\/uneoptiondeplus.org\/de\/schreiben-sie-fuer-uns-allgemeiner-gastbeitrag-uneoptiondeplus\/#Warum_schreiben_Sie_fuer_uns_General_Guest_Post\" title=\"Warum schreiben Sie f\u00fcr uns General Guest Post?\">Warum schreiben Sie f\u00fcr uns General Guest Post?<\/a><\/li><li class='ez-toc-page-1 ez-toc-heading-level-2'><a class=\"ez-toc-link ez-toc-heading-3\" href=\"https:\/\/uneoptiondeplus.org\/de\/schreiben-sie-fuer-uns-allgemeiner-gastbeitrag-uneoptiondeplus\/#Der_Ueberblick\" title=\"Der \u00dcberblick:\">Der \u00dcberblick:<\/a><\/li><\/ul><\/nav><\/div>\n<h2 style=\"text-align: justify;\"><span class=\"ez-toc-section\" id=\"Wonach_suchen_wir\"><\/span>Wonach suchen wir?<span class=\"ez-toc-section-end\"><\/span><\/h2>\n<p style=\"text-align: justify;\">Bevor Sie mit uns arbeiten, k\u00f6nnen Sie unsere Website besuchen und erfahren, welche Inhalte wir ver\u00f6ffentlichen. Sie k\u00f6nnen wissen, dass es verschiedene Nischen-Themen auf unserer Website ver\u00f6ffentlicht, und die Themen geh\u00f6ren zu den neuesten Nachrichten, Kryptow\u00e4hrung, Produkte, Websites, Gesundheit, Business-Themen.<br \/>\nDeshalb suchen wir nach Autoren, die rigoros recherchieren und uns mit fesselnden, engagierenden und informativen Schriften zu diesen Nischen versehen k\u00f6nnen. Vor allem suchen wir Autoren, die gut entwerfen und Schreiben f\u00fcr uns General Guest Post von Nischen, einschlie\u00dflich-<br \/>\n\u2022 Website und Produktbewertungen<br \/>\n\u2022 Neueste Nachrichten<br \/>\n\u2022 Kryptow\u00e4hrung Nachrichten<br \/>\n\u2022 Business-orientierte Tipps<br \/>\n\u2022 Gesundheitliche Empfehlungen<br \/>\nWesentliche Punkte, die Sie beim Schreiben von Beitr\u00e4gen f\u00fcr uns ber\u00fccksichtigen m\u00fcssen<br \/>\n\u2022 Unsere Website Uneoptiondeplus.org Ducates Online-Besucher auf Nachrichten, Websites, Produktbewertungen, etc. Unsere Leser erwarten Artikel zu den neuesten News-Themen, Kryptow\u00e4hrungen, Website- und Produktrezensionen, die sie als Leitfaden, Rezension, Tipps, Bericht und Marktanalyse verwenden k\u00f6nnen.<br \/>\n\u201eWenn Sie zur Zahlung kommen, erhalten Sie die Zahlung erst nach Freigabe Ihres Inhalts durch die Qualit\u00e4tsanalysten. Unabh\u00e4ngig von Ihrem Standort k\u00f6nnen Sie Geld verdienen, wenn Sie sich nur an unsere Artikelformatrichtlinien halten.\u201c ERSETZEN SIE DIESE DURCH&#8230;<br \/>\nDer gr\u00f6\u00dfte Vorteil der Zusammenarbeit mit uns ist, dass Sie t\u00e4glich viel lernen k\u00f6nnen. Dar\u00fcber hinaus k\u00f6nnen Sie mit verschiedenen Tools Online-Shoppern helfen, sich vor verd\u00e4chtigen Websites zu sch\u00fctzen oder sie \u00fcber Nachrichtenartikel \u00fcber die neuesten Updates zu informieren.<\/p>\n<h2 style=\"text-align: justify;\"><span class=\"ez-toc-section\" id=\"Warum_schreiben_Sie_fuer_uns_General_Guest_Post\"><\/span>Warum schreiben Sie f\u00fcr uns General Guest Post?<span class=\"ez-toc-section-end\"><\/span><\/h2>\n<p style=\"text-align: justify;\">Unsere Plattform ist offen f\u00fcr alle Gastbeitrag-Mitarbeiter, die f\u00fcr uns in verschiedenen Nischen schreiben wollen, einschlie\u00dflich, News, Produkt- und Website-Bewertungen, etc. Bei Uneoptiondeplus k\u00f6nnen Sie echte Informationen \u00fcber Gesundheitstricks, Kryptow\u00e4hrung, frische Nachrichten, Website- und Produktbewertungen und \u00e4hnliche Themen lesen.<br \/>\nWenn Sie mit uns arbeiten, dann k\u00f6nnen Sie&#8230;<br \/>\n\u2022 Erweitern Sie Ihre Reichweite<br \/>\n\u2022 Erh\u00f6hen Sie Ihre Online-Sichtbarkeit<br \/>\n\u2022 Verbesserung des Verbindungsaufbaus<br \/>\n\u2022 F\u00f6rdern Sie Ihr Unternehmen<br \/>\n\u2022 Gewinnen Sie gesch\u00e4ftliches Engagement<br \/>\nWie kann ich den Gastbeitrag einreichen?<br \/>\nWir leiten Ihren Artikel an unser Redaktionsteam weiter, um die Fehler zu erkennen und Sie an die identische Mail info@uneoptiondeplus.org zur\u00fcckzusenden. Worauf warten Sie noch? Schreiben Sie einfach For Us General Guest Post ab sofort. Die aktuellsten Statistiken auf unserer Website finden Sie hier.<\/p>\n<h2 style=\"text-align: justify;\"><span class=\"ez-toc-section\" id=\"Der_Ueberblick\"><\/span>Der \u00dcberblick:<span class=\"ez-toc-section-end\"><\/span><\/h2>\n<p style=\"text-align: justify;\">Wir suchen Autoren, die Beitr\u00e4ge in verschiedenen Bereichen schreiben k\u00f6nnen, darunter Nachrichtenartikel, Kryptow\u00e4hrung, Gesundheitstricks, Produkt- und Website-Bewertungen usw. Wenn Sie schon bald Kontakt zu uns aufnehmen m\u00f6chten, k\u00f6nnen Sie bei uns suchen und Ihre Schreibkarriere starten.<br \/>\nWir hoffen, dass Sie verstehen, was wir von Ihren Inhalten erwarten. Unsere Organisation akzeptiert informative Inhalte \u00fcber Websites, Produkte, Nachrichten, Kryptow\u00e4hrungen, Gesundheitstipps usw. Sie k\u00f6nnen auch For Us General Guest Post Artikel verfassen und bei uns einreichen.<\/p>\n","protected":false},"excerpt":{"rendered":"<p>Warten Sie auf die Gelegenheit, f\u00fcr uns zu schreiben General Guest Post? Dann informieren Sie sich sorgf\u00e4ltig \u00fcber uns und die unten genannten detaillierten Anweisungen. Einleitung Uneoptiondeplus bietet die M\u00f6glichkeit, einen Gastbeitrag auf unserer Website einzureichen. Wenn Sie ein leidenschaftlicher Verfasser sind, k\u00f6nnen Sie f\u00fcr uns schreiben Allgemeiner Gastbeitrag, einschlie\u00dflich Website- und Produktbewertungen, Nachrichten, Gesundheit, [&hellip;]<\/p>\n","protected":false},"author":1,"featured_media":0,"parent":0,"menu_order":0,"comment_status":"closed","ping_status":"closed","template":"","meta":{"footnotes":""},"class_list":["post-107","page","type-page","status-publish","hentry"],"_links":{"self":[{"href":"https:\/\/uneoptiondeplus.org\/de\/wp-json\/wp\/v2\/pages\/107"}],"collection":[{"href":"https:\/\/uneoptiondeplus.org\/de\/wp-json\/wp\/v2\/pages"}],"about":[{"href":"https:\/\/uneoptiondeplus.org\/de\/wp-json\/wp\/v2\/types\/page"}],"author":[{"embeddable":true,"href":"https:\/\/uneoptiondeplus.org\/de\/wp-json\/wp\/v2\/users\/1"}],"replies":[{"embeddable":true,"href":"https:\/\/uneoptiondeplus.org\/de\/wp-json\/wp\/v2\/comments?post=107"}],"version-history":[{"count":1,"href":"https:\/\/uneoptiondeplus.org\/de\/wp-json\/wp\/v2\/pages\/107\/revisions"}],"predecessor-version":[{"id":108,"href":"https:\/\/uneoptiondeplus.org\/de\/wp-json\/wp\/v2\/pages\/107\/revisions\/108"}],"wp:attachment":[{"href":"https:\/\/uneoptiondeplus.org\/de\/wp-json\/wp\/v2\/media?parent=107"}],"curies":[{"name":"wp","href":"https:\/\/api.w.org\/{rel}","templated":true}]}}