{"id":105,"date":"2024-04-17T10:39:57","date_gmt":"2024-04-17T10:39:57","guid":{"rendered":"https:\/\/uneoptiondeplus.org\/de\/?page_id=105"},"modified":"2024-04-17T10:39:57","modified_gmt":"2024-04-17T10:39:57","slug":"conditions-generales-dutilisation","status":"publish","type":"page","link":"https:\/\/uneoptiondeplus.org\/de\/conditions-generales-dutilisation\/","title":{"rendered":"CONDITIONS G\u00c9N\u00c9RALES D&#8217;UTILISATION"},"content":{"rendered":"<p>Diese Allgemeinen Gesch\u00e4ftsbedingungen beschreiben die Regeln und Vorschriften f\u00fcr die Nutzung der Website https:\/\/uneoptiondeplus.org\/de\u2019s, die sich unter https:\/\/uneoptiondeplus.org\/de befindet.<\/p>\n<p>Mit dem Zugriff auf diese Website gehen wir davon aus, dass Sie diese Nutzungsbedingungen akzeptieren. Bitte nutzen Sie https:\/\/uneoptiondeplus.org\/de nicht weiter, wenn Sie nicht mit allen auf dieser Seite aufgef\u00fchrten Nutzungsbedingungen einverstanden sind.<\/p>\n<p>Die folgende Terminologie gilt f\u00fcr diese Allgemeinen Gesch\u00e4ftsbedingungen, Datenschutzerkl\u00e4rung und Haftungsausschluss sowie f\u00fcr alle Vereinbarungen: \u201eKunde\u201c, \u201eSie\u201c und \u201eIhr\u201c bezieht sich auf Sie, die Person, die sich auf dieser Website anmeldet und den Allgemeinen Gesch\u00e4ftsbedingungen des Unternehmens entspricht. \u201eDas Unternehmen\u201c, \u201eWir\u201c, \u201eUns\u201c, \u201eUnser\u201c und \u201eUns\u201c bezieht sich auf unser Unternehmen. \u201ePartei\u201c, \u201eParteien\u201c oder \u201euns\u201c bezieht sich sowohl auf den Kunden als auch auf uns. Alle Bedingungen beziehen sich auf das Angebot, die Annahme und die Ber\u00fccksichtigung von Zahlungen, die erforderlich sind, um den Prozess unserer Unterst\u00fctzung f\u00fcr den Kunden in der am besten geeigneten Weise durchzuf\u00fchren, um die Bed\u00fcrfnisse des Kunden in Bezug auf die Erbringung der angegebenen Dienstleistungen des Unternehmens zu erf\u00fcllen, in \u00dcbereinstimmung mit und vorbehaltlich des geltenden niederl\u00e4ndischen Rechts. Jede Verwendung der oben genannten Terminologie oder anderer W\u00f6rter im Singular, Plural, Gro\u00dfbuchstaben und\/oder he\/she oder sie, wird als austauschbar und daher als Bezugnahme auf dasselbe angesehen.<\/p>\n<div id=\"ez-toc-container\" class=\"ez-toc-v2_0_67_1 counter-hierarchy ez-toc-counter ez-toc-grey ez-toc-container-direction\">\n<div class=\"ez-toc-title-container\">\n<p class=\"ez-toc-title \" >Inhaltsverzeichnis<\/p>\n<span class=\"ez-toc-title-toggle\"><a href=\"#\" class=\"ez-toc-pull-right ez-toc-btn ez-toc-btn-xs ez-toc-btn-default ez-toc-toggle\" aria-label=\"Toggle Table of Content\"><span class=\"ez-toc-js-icon-con\"><span class=\"\"><span class=\"eztoc-hide\" style=\"display:none;\">Toggle<\/span><span class=\"ez-toc-icon-toggle-span\"><svg style=\"fill: #999;color:#999\" xmlns=\"http:\/\/www.w3.org\/2000\/svg\" class=\"list-377408\" width=\"20px\" height=\"20px\" viewBox=\"0 0 24 24\" fill=\"none\"><path d=\"M6 6H4v2h2V6zm14 0H8v2h12V6zM4 11h2v2H4v-2zm16 0H8v2h12v-2zM4 16h2v2H4v-2zm16 0H8v2h12v-2z\" fill=\"currentColor\"><\/path><\/svg><svg style=\"fill: #999;color:#999\" class=\"arrow-unsorted-368013\" xmlns=\"http:\/\/www.w3.org\/2000\/svg\" width=\"10px\" height=\"10px\" viewBox=\"0 0 24 24\" version=\"1.2\" baseProfile=\"tiny\"><path d=\"M18.2 9.3l-6.2-6.3-6.2 6.3c-.2.2-.3.4-.3.7s.1.5.3.7c.2.2.4.3.7.3h11c.3 0 .5-.1.7-.3.2-.2.3-.5.3-.7s-.1-.5-.3-.7zM5.8 14.7l6.2 6.3 6.2-6.3c.2-.2.3-.5.3-.7s-.1-.5-.3-.7c-.2-.2-.4-.3-.7-.3h-11c-.3 0-.5.1-.7.3-.2.2-.3.5-.3.7s.1.5.3.7z\"\/><\/svg><\/span><\/span><\/span><\/a><\/span><\/div>\n<nav><ul class='ez-toc-list ez-toc-list-level-1 ' ><li class='ez-toc-page-1 ez-toc-heading-level-2'><a class=\"ez-toc-link ez-toc-heading-1\" href=\"https:\/\/uneoptiondeplus.org\/de\/conditions-generales-dutilisation\/#Cookies\" title=\"Cookies\">Cookies<\/a><\/li><li class='ez-toc-page-1 ez-toc-heading-level-2'><a class=\"ez-toc-link ez-toc-heading-2\" href=\"https:\/\/uneoptiondeplus.org\/de\/conditions-generales-dutilisation\/#Sofern_nichtFuehrerschein\" title=\"Sofern nichtF\u00fchrerschein\">Sofern nichtF\u00fchrerschein<\/a><\/li><li class='ez-toc-page-1 ez-toc-heading-level-2'><a class=\"ez-toc-link ez-toc-heading-3\" href=\"https:\/\/uneoptiondeplus.org\/de\/conditions-generales-dutilisation\/#Sie_duerfen_nicht\" title=\"Sie d\u00fcrfen nicht:\">Sie d\u00fcrfen nicht:<\/a><\/li><\/ul><\/nav><\/div>\n<h2><span class=\"ez-toc-section\" id=\"Cookies\"><\/span>Cookies<span class=\"ez-toc-section-end\"><\/span><\/h2>\n<p>Wir setzen Cookies ein. Mit dem Zugriff auf <a href=\"mailto:info@uneoptiondeplus.org\">mailto:info@uneoptiondeplus.org<\/a> stimmen Sie der Verwendung von Cookies in \u00dcbereinstimmung mit der Datenschutzerkl\u00e4rung von https:\/\/uneoptiondeplus.org\/de\u2019s zu.<\/p>\n<p>Die meisten interaktiven Websites verwenden Cookies, damit wir bei jedem Besuch die Daten des Nutzers abrufen k\u00f6nnen. Cookies werden von unserer Website verwendet, um die Funktionalit\u00e4t bestimmter Bereiche zu erm\u00f6glichen und den Besuch unserer Website zu erleichtern. Einige unserer Affiliate-\/Werbepartner k\u00f6nnen auch Cookies verwenden.<\/p>\n<h2><span class=\"ez-toc-section\" id=\"Sofern_nichtFuehrerschein\"><\/span>Sofern nichtF\u00fchrerschein<span class=\"ez-toc-section-end\"><\/span><\/h2>\n<p>anders angegeben, besitzen https:\/\/uneoptiondeplus.org\/de und\/oder ihre Lizenzgeber die geistigen Eigentumsrechte an allen Materialien auf https:\/\/uneoptiondeplus.org\/de. Alle geistigen Eigentumsrechte sind vorbehalten. Sie k\u00f6nnen unter https:\/\/uneoptiondeplus.org\/de f\u00fcr Ihren pers\u00f6nlichen Gebrauch darauf zugreifen, vorbehaltlich der Einschr\u00e4nkungen, die in diesen Nutzungsbedingungen festgelegt sind.<\/p>\n<h2><span class=\"ez-toc-section\" id=\"Sie_duerfen_nicht\"><\/span>Sie d\u00fcrfen nicht:<span class=\"ez-toc-section-end\"><\/span><\/h2>\n<p>Ver\u00f6ffentlichen Sie Material von https:\/\/uneoptiondeplus.org\/de<br \/>\nVerkaufen, vermieten oder unterlizenzieren Sie Material von <a href=\"https:\/\/uneoptiondeplus.org\/de\/\">https:\/\/uneoptiondeplus.org\/de<\/a><br \/>\nReproduzieren, duplizieren oder kopieren Sie Material von https:\/\/uneoptiondeplus.org\/de<br \/>\nWeiterverbreitung von Inhalten von https:\/\/uneoptiondeplus.org\/de<\/p>\n<p>&nbsp;<\/p>\n","protected":false},"excerpt":{"rendered":"<p>Diese Allgemeinen Gesch\u00e4ftsbedingungen beschreiben die Regeln und Vorschriften f\u00fcr die Nutzung der Website https:\/\/uneoptiondeplus.org\/de\u2019s, die sich unter https:\/\/uneoptiondeplus.org\/de befindet. Mit dem Zugriff auf diese Website gehen wir davon aus, dass Sie diese Nutzungsbedingungen akzeptieren. Bitte nutzen Sie https:\/\/uneoptiondeplus.org\/de nicht weiter, wenn Sie nicht mit allen auf dieser Seite aufgef\u00fchrten Nutzungsbedingungen einverstanden sind. Die folgende Terminologie [&hellip;]<\/p>\n","protected":false},"author":1,"featured_media":0,"parent":0,"menu_order":0,"comment_status":"closed","ping_status":"closed","template":"","meta":{"footnotes":""},"class_list":["post-105","page","type-page","status-publish","hentry"],"_links":{"self":[{"href":"https:\/\/uneoptiondeplus.org\/de\/wp-json\/wp\/v2\/pages\/105"}],"collection":[{"href":"https:\/\/uneoptiondeplus.org\/de\/wp-json\/wp\/v2\/pages"}],"about":[{"href":"https:\/\/uneoptiondeplus.org\/de\/wp-json\/wp\/v2\/types\/page"}],"author":[{"embeddable":true,"href":"https:\/\/uneoptiondeplus.org\/de\/wp-json\/wp\/v2\/users\/1"}],"replies":[{"embeddable":true,"href":"https:\/\/uneoptiondeplus.org\/de\/wp-json\/wp\/v2\/comments?post=105"}],"version-history":[{"count":1,"href":"https:\/\/uneoptiondeplus.org\/de\/wp-json\/wp\/v2\/pages\/105\/revisions"}],"predecessor-version":[{"id":106,"href":"https:\/\/uneoptiondeplus.org\/de\/wp-json\/wp\/v2\/pages\/105\/revisions\/106"}],"wp:attachment":[{"href":"https:\/\/uneoptiondeplus.org\/de\/wp-json\/wp\/v2\/media?parent=105"}],"curies":[{"name":"wp","href":"https:\/\/api.w.org\/{rel}","templated":true}]}}