{"id":102,"date":"2024-04-17T10:33:36","date_gmt":"2024-04-17T10:33:36","guid":{"rendered":"https:\/\/uneoptiondeplus.org\/de\/?page_id=102"},"modified":"2024-04-17T10:33:36","modified_gmt":"2024-04-17T10:33:36","slug":"politique-de-confidentialite","status":"publish","type":"page","link":"https:\/\/uneoptiondeplus.org\/de\/politique-de-confidentialite\/","title":{"rendered":"Politique de confidentialit\u00e9"},"content":{"rendered":"<p>Auf https:\/\/uneoptiondeplus.org\/de, erreichbar \u00fcber https:\/\/uneoptiondeplus.org\/de, ist die Privatsph\u00e4re unserer Besucher eines unserer Hauptanliegen. Diese Datenschutzerkl\u00e4rung enth\u00e4lt die Arten von Informationen, die von https:\/\/uneoptiondeplus.org\/de gesammelt und aufgezeichnet werden und wie wir sie verwenden.<\/p>\n<p>Wenn Sie weitere Fragen haben oder weitere Informationen zu unserer Datenschutzerkl\u00e4rung ben\u00f6tigen, z\u00f6gern Sie nicht, uns zu kontaktieren.<\/p>\n<p>Diese Datenschutzerkl\u00e4rung gilt nur f\u00fcr unsere Online-Aktivit\u00e4ten und gilt f\u00fcr Besucher unserer Website in Bezug auf die Informationen, die sie auf https:\/\/uneoptiondeplus.org\/de geteilt und\/oder gesammelt haben. Diese Richtlinie gilt nicht f\u00fcr Informationen, die offline oder \u00fcber andere Kan\u00e4le als diese Website erfasst werden.<\/p>\n<div id=\"ez-toc-container\" class=\"ez-toc-v2_0_67_1 counter-hierarchy ez-toc-counter ez-toc-grey ez-toc-container-direction\">\n<div class=\"ez-toc-title-container\">\n<p class=\"ez-toc-title \" >Inhaltsverzeichnis<\/p>\n<span class=\"ez-toc-title-toggle\"><a href=\"#\" class=\"ez-toc-pull-right ez-toc-btn ez-toc-btn-xs ez-toc-btn-default ez-toc-toggle\" aria-label=\"Toggle Table of Content\"><span class=\"ez-toc-js-icon-con\"><span class=\"\"><span class=\"eztoc-hide\" style=\"display:none;\">Toggle<\/span><span class=\"ez-toc-icon-toggle-span\"><svg style=\"fill: #999;color:#999\" xmlns=\"http:\/\/www.w3.org\/2000\/svg\" class=\"list-377408\" width=\"20px\" height=\"20px\" viewBox=\"0 0 24 24\" fill=\"none\"><path d=\"M6 6H4v2h2V6zm14 0H8v2h12V6zM4 11h2v2H4v-2zm16 0H8v2h12v-2zM4 16h2v2H4v-2zm16 0H8v2h12v-2z\" fill=\"currentColor\"><\/path><\/svg><svg style=\"fill: #999;color:#999\" class=\"arrow-unsorted-368013\" xmlns=\"http:\/\/www.w3.org\/2000\/svg\" width=\"10px\" height=\"10px\" viewBox=\"0 0 24 24\" version=\"1.2\" baseProfile=\"tiny\"><path d=\"M18.2 9.3l-6.2-6.3-6.2 6.3c-.2.2-.3.4-.3.7s.1.5.3.7c.2.2.4.3.7.3h11c.3 0 .5-.1.7-.3.2-.2.3-.5.3-.7s-.1-.5-.3-.7zM5.8 14.7l6.2 6.3 6.2-6.3c.2-.2.3-.5.3-.7s-.1-.5-.3-.7c-.2-.2-.4-.3-.7-.3h-11c-.3 0-.5.1-.7.3-.2.2-.3.5-.3.7s.1.5.3.7z\"\/><\/svg><\/span><\/span><\/span><\/a><\/span><\/div>\n<nav><ul class='ez-toc-list ez-toc-list-level-1 ' ><li class='ez-toc-page-1 ez-toc-heading-level-2'><a class=\"ez-toc-link ez-toc-heading-1\" href=\"https:\/\/uneoptiondeplus.org\/de\/politique-de-confidentialite\/#Zustimmung\" title=\"Zustimmung\">Zustimmung<\/a><\/li><li class='ez-toc-page-1 ez-toc-heading-level-2'><a class=\"ez-toc-link ez-toc-heading-2\" href=\"https:\/\/uneoptiondeplus.org\/de\/politique-de-confidentialite\/#Informationen_die_wir_sammeln\" title=\"Informationen, die wir sammeln\">Informationen, die wir sammeln<\/a><\/li><li class='ez-toc-page-1 ez-toc-heading-level-2'><a class=\"ez-toc-link ez-toc-heading-3\" href=\"https:\/\/uneoptiondeplus.org\/de\/politique-de-confidentialite\/#Wie_wir_Ihre_Informationen_verwenden\" title=\"Wie wir Ihre Informationen verwenden\">Wie wir Ihre Informationen verwenden<\/a><\/li><li class='ez-toc-page-1 ez-toc-heading-level-2'><a class=\"ez-toc-link ez-toc-heading-4\" href=\"https:\/\/uneoptiondeplus.org\/de\/politique-de-confidentialite\/#Protokolldateien\" title=\"Protokolldateien\">Protokolldateien<\/a><\/li><li class='ez-toc-page-1 ez-toc-heading-level-2'><a class=\"ez-toc-link ez-toc-heading-5\" href=\"https:\/\/uneoptiondeplus.org\/de\/politique-de-confidentialite\/#Datenschutzrichtlinien_Dritter\" title=\"Datenschutzrichtlinien Dritter\">Datenschutzrichtlinien Dritter<\/a><\/li><li class='ez-toc-page-1 ez-toc-heading-level-2'><a class=\"ez-toc-link ez-toc-heading-6\" href=\"https:\/\/uneoptiondeplus.org\/de\/politique-de-confidentialite\/#CCPA_Privacy_Rights_Verkaufen_Sie_nicht_meine_persoenlichen_Daten\" title=\"CCPA Privacy Rights (Verkaufen Sie nicht meine pers\u00f6nlichen Daten)\">CCPA Privacy Rights (Verkaufen Sie nicht meine pers\u00f6nlichen Daten)<\/a><\/li><li class='ez-toc-page-1 ez-toc-heading-level-2'><a class=\"ez-toc-link ez-toc-heading-7\" href=\"https:\/\/uneoptiondeplus.org\/de\/politique-de-confidentialite\/#DSGVO_Datenschutzrechte\" title=\"DSGVO Datenschutzrechte\">DSGVO Datenschutzrechte<\/a><\/li><li class='ez-toc-page-1 ez-toc-heading-level-2'><a class=\"ez-toc-link ez-toc-heading-8\" href=\"https:\/\/uneoptiondeplus.org\/de\/politique-de-confidentialite\/#Informationen_fuer_Kinder\" title=\"Informationen f\u00fcr Kinder\">Informationen f\u00fcr Kinder<\/a><\/li><\/ul><\/nav><\/div>\n<h2><span class=\"ez-toc-section\" id=\"Zustimmung\"><\/span>Zustimmung<span class=\"ez-toc-section-end\"><\/span><\/h2>\n<p>Durch die Nutzung unserer Website erkl\u00e4ren Sie sich mit unseren Datenschutzbestimmungen und deren Bedingungen einverstanden.<\/p>\n<h2><span class=\"ez-toc-section\" id=\"Informationen_die_wir_sammeln\"><\/span>Informationen, die wir sammeln<span class=\"ez-toc-section-end\"><\/span><\/h2>\n<p>Die personenbezogenen Daten, um die Sie gebeten werden, und die Gr\u00fcnde, warum Sie gebeten werden, werden Ihnen an dem Punkt, an dem wir Sie um die Angabe Ihrer personenbezogenen Daten bitten, klargestellt.<\/p>\n<p>Wenn Sie uns direkt kontaktieren, erhalten wir m\u00f6glicherweise zus\u00e4tzliche Informationen \u00fcber Sie, wie z. B. Ihren Namen, Ihre E-Mail-Adresse, Ihre Telefonnummer, den Inhalt der Nachricht und\/oder Anh\u00e4nge, die Sie uns senden k\u00f6nnen, sowie alle weiteren Informationen, die Sie uns zur<\/p>\n<p>Wenn Sie sich f\u00fcr ein Konto registrieren, fragen wir Sie m\u00f6glicherweise nach Ihren Kontaktinformationen, einschlie\u00dflich Angaben wie Name, Firmenname, Adresse, E-Mail-Adresse und Telefonnummer.<\/p>\n<h2><span class=\"ez-toc-section\" id=\"Wie_wir_Ihre_Informationen_verwenden\"><\/span>Wie wir Ihre Informationen verwenden<span class=\"ez-toc-section-end\"><\/span><\/h2>\n<p>Wir verwenden die von uns gesammelten Informationen auf verschiedene Weise, unter anderem f\u00fcr:<\/p>\n<p>Bereitstellung, Betrieb und Wartung unserer Webste<\/p>\n<p>Verbessern, personalisieren und erweitern Sie unsere Webste<\/p>\n<p>Verstehen und analysieren, wie Sie unsere Webste nutzen<\/p>\n<p>Entwicklung neuer Produkte, Services, Features und Funktionalit\u00e4ten<\/p>\n<p>Kommunikation mit Ihnen, entweder direkt oder \u00fcber einen unserer Partner, auch f\u00fcr den Kundendienst, um Sie mit Updates und anderen Informationen \u00fcber die Website zu versorgen, sowie f\u00fcr Marketing- und Werbezwecke<\/p>\n<p>Senden Sie E-Mails<\/p>\n<p>Betrugsf\u00e4lle erkennen und verhindern<\/p>\n<h2><span class=\"ez-toc-section\" id=\"Protokolldateien\"><\/span>Protokolldateien<span class=\"ez-toc-section-end\"><\/span><\/h2>\n<p>https:\/\/uneoptiondeplus.org\/de folgt einer Standardprozedur der Verwendung von Protokolldateien. Diese Dateien protokollieren Besucher, wenn sie Websites besuchen. Alle Hosting-Unternehmen tun dies und ein Teil der Hosting-Services &#8216;Analytics. Die von den Logfiles gesammelten Informationen umfassen Internet Protocol (IP)-Adressen, Browsertyp, Internet Service Provider (ISP), Datums- und Zeitstempel, Verweis-\/Exit-Seiten und ggf. die Anzahl der Klicks. Diese werden nicht mit personenbezogenen Daten verkn\u00fcpft. Der Zweck der Informationen besteht darin, Trends zu analysieren, die Website zu verwalten, die Bewegungen der Nutzer auf der Website zu verfolgen und demografische Informationen zu sammeln.<\/p>\n<p>Werbepartner Datenschutzrichtlinien<\/p>\n<p>In dieser Liste finden Sie die Datenschutzbestimmungen der einzelnen Werbepartner von https:\/\/uneoptiondeplus.org\/de.<\/p>\n<p>Ad-Server oder Ad-Netzwerke von Drittanbietern verwenden Technologien wie Cookies, JavaScript oder Web Beacons, die in ihren jeweiligen Anzeigen und Links, die auf https:\/\/uneoptiondeplus.org\/de erscheinen und direkt an den Browser der Nutzer gesendet werden, verwendet werden. Sie erhalten in diesem Fall automatisch Ihre IP-Adresse. Diese Technologien werden verwendet, um die Effektivit\u00e4t ihrer Werbekampagnen zu messen und\/oder den Werbeinhalt, den Sie auf den von Ihnen besuchten Websites sehen, zu personalisieren.<\/p>\n<p>Bitte beachten Sie, dass https:\/\/uneoptiondeplus.org\/de keinen Zugriff auf oder Kontrolle \u00fcber diese Cookies hat, die von Drittanbietern verwendet werden.<\/p>\n<h2><span class=\"ez-toc-section\" id=\"Datenschutzrichtlinien_Dritter\"><\/span>Datenschutzrichtlinien Dritter<span class=\"ez-toc-section-end\"><\/span><\/h2>\n<p>Die Datenschutzerkl\u00e4rung von https:\/\/uneoptiondeplus.org\/de\u2019s gilt nicht f\u00fcr andere Werbetreibende oder Websites. Daher empfehlen wir Ihnen, die jeweiligen Datenschutzrichtlinien dieser Drittanbieter-Ad-Server f\u00fcr detailliertere Informationen zu konsultieren. Es kann ihre Praktiken und Anweisungen zum Opt-out bestimmter Optionen enthalten.<\/p>\n<p>Sie k\u00f6nnen Cookies \u00fcber Ihre individuellen Browseroptionen deaktivieren. Ausf\u00fchrlichere Informationen zur Cookie-Verwaltung mit bestimmten Webbrowsern finden Sie auf den jeweiligen Webseiten der Browser.<\/p>\n<h2><span class=\"ez-toc-section\" id=\"CCPA_Privacy_Rights_Verkaufen_Sie_nicht_meine_persoenlichen_Daten\"><\/span>CCPA Privacy Rights (Verkaufen Sie nicht meine pers\u00f6nlichen Daten)<span class=\"ez-toc-section-end\"><\/span><\/h2>\n<p>Nach dem CCPA haben kalifornische Verbraucher unter anderem das Recht auf:<\/p>\n<p>Aufforderung an ein Unternehmen, das personenbezogene Daten eines Verbrauchers erhebt, die Kategorien und spezifischen Teile personenbezogener Daten offenzulegen, die ein Unternehmen \u00fcber Verbraucher erfasst hat.<\/p>\n<p>Aufforderung an ein Unternehmen, personenbezogene Daten \u00fcber den Verbraucher, die ein Unternehmen gesammelt hat, zu l\u00f6schen.<\/p>\n<p>Ein Unternehmen, das die personenbezogenen Daten eines Verbrauchers verkauft, darf die personenbezogenen Daten des Verbrauchers nicht verkaufen.<\/p>\n<p>Wenn Sie eine Anfrage stellen, haben wir einen Monat Zeit, um Ihnen zu antworten. Wenn Sie eines dieser Rechte aus\u00fcben m\u00f6chten, kontaktieren Sie uns bitte.<\/p>\n<h2><span class=\"ez-toc-section\" id=\"DSGVO_Datenschutzrechte\"><\/span>DSGVO Datenschutzrechte<span class=\"ez-toc-section-end\"><\/span><\/h2>\n<p>Wir m\u00f6chten sicherstellen, dass Sie umfassend \u00fcber Ihre Datenschutzrechte informiert sind. Jeder Nutzer hat Anspruch auf:<\/p>\n<p>Auskunftsrecht \u2013 Sie haben das Recht, Kopien Ihrer personenbezogenen Daten anzufordern. F\u00fcr diesen Service k\u00f6nnen wir Ihnen eine kleine Geb\u00fchr berechnen.<\/p>\n<p>Das Recht auf Berichtigung \u2013 Sie haben das Recht, von uns die Berichtigung von Informationen zu verlangen, die Sie f\u00fcr unrichtig halten. Sie haben auch das Recht zu verlangen, dass wir Informationen vervollst\u00e4ndigen, die Sie f\u00fcr unvollst\u00e4ndig halten.<\/p>\n<p>Recht auf L\u00f6schung \u2013 Sie haben das Recht, unter bestimmten Voraussetzungen von uns die L\u00f6schung Ihrer personenbezogenen Daten zu verlangen.<\/p>\n<p>Recht auf Einschr\u00e4nkung der Verarbeitung \u2013 Sie haben das Recht zu verlangen, dass wir die Verarbeitung Ihrer personenbezogenen Daten unter bestimmten Voraussetzungen einschr\u00e4nken.<\/p>\n<p>Recht auf Widerspruch gegen die Verarbeitung \u2013 Sie haben das Recht, der Verarbeitung Ihrer personenbezogenen Daten durch uns unter bestimmten Voraussetzungen zu widersprechen.<\/p>\n<p>Das Recht auf Daten\u00fcbertragbarkeit \u2013 Sie haben das Recht zu verlangen, dass wir die von uns erfassten Daten unter bestimmten Bedingungen an eine andere Organisation oder direkt an Sie \u00fcbermitteln.<\/p>\n<p>&nbsp;<\/p>\n<p>Wenn Sie eine Anfrage stellen, haben wir einen Monat Zeit, um Ihnen zu antworten. Wenn Sie eines dieser Rechte aus\u00fcben m\u00f6chten, kontaktieren Sie uns bitte.<\/p>\n<h2><span class=\"ez-toc-section\" id=\"Informationen_fuer_Kinder\"><\/span>Informationen f\u00fcr Kinder<span class=\"ez-toc-section-end\"><\/span><\/h2>\n<p>Ein weiterer Schwerpunkt unserer Arbeit ist der Schutz von Kindern bei der Nutzung des Internets. Wir ermutigen Eltern und Erziehungsberechtigte, ihre Online-Aktivit\u00e4ten zu beobachten, daran teilzunehmen und\/oder zu \u00fcberwachen und zu leiten.<\/p>\n<p>https:\/\/uneoptiondeplus.org\/de sammelt wissentlich keine personenbezogenen Daten von Kindern unter 13 Jahren. Wenn Sie der Meinung sind, dass Ihr Kind derartige Informationen auf unserer Website bereitgestellt hat, empfehlen wir Ihnen dringend, sich unverz\u00fcglich mit uns in Verbindung zu setzen.<\/p>\n","protected":false},"excerpt":{"rendered":"<p>Auf https:\/\/uneoptiondeplus.org\/de, erreichbar \u00fcber https:\/\/uneoptiondeplus.org\/de, ist die Privatsph\u00e4re unserer Besucher eines unserer Hauptanliegen. Diese Datenschutzerkl\u00e4rung enth\u00e4lt die Arten von Informationen, die von https:\/\/uneoptiondeplus.org\/de gesammelt und aufgezeichnet werden und wie wir sie verwenden. Wenn Sie weitere Fragen haben oder weitere Informationen zu unserer Datenschutzerkl\u00e4rung ben\u00f6tigen, z\u00f6gern Sie nicht, uns zu kontaktieren. Diese Datenschutzerkl\u00e4rung gilt nur f\u00fcr [&hellip;]<\/p>\n","protected":false},"author":1,"featured_media":0,"parent":0,"menu_order":0,"comment_status":"closed","ping_status":"closed","template":"","meta":{"footnotes":""},"class_list":["post-102","page","type-page","status-publish","hentry"],"_links":{"self":[{"href":"https:\/\/uneoptiondeplus.org\/de\/wp-json\/wp\/v2\/pages\/102"}],"collection":[{"href":"https:\/\/uneoptiondeplus.org\/de\/wp-json\/wp\/v2\/pages"}],"about":[{"href":"https:\/\/uneoptiondeplus.org\/de\/wp-json\/wp\/v2\/types\/page"}],"author":[{"embeddable":true,"href":"https:\/\/uneoptiondeplus.org\/de\/wp-json\/wp\/v2\/users\/1"}],"replies":[{"embeddable":true,"href":"https:\/\/uneoptiondeplus.org\/de\/wp-json\/wp\/v2\/comments?post=102"}],"version-history":[{"count":2,"href":"https:\/\/uneoptiondeplus.org\/de\/wp-json\/wp\/v2\/pages\/102\/revisions"}],"predecessor-version":[{"id":104,"href":"https:\/\/uneoptiondeplus.org\/de\/wp-json\/wp\/v2\/pages\/102\/revisions\/104"}],"wp:attachment":[{"href":"https:\/\/uneoptiondeplus.org\/de\/wp-json\/wp\/v2\/media?parent=102"}],"curies":[{"name":"wp","href":"https:\/\/api.w.org\/{rel}","templated":true}]}}